{"id":9,"date":"2023-12-22T12:26:15","date_gmt":"2023-12-22T11:26:15","guid":{"rendered":"http:\/\/pousastone.es\/?page_id=9"},"modified":"2024-01-02T11:17:35","modified_gmt":"2024-01-02T10:17:35","slug":"contacto","status":"publish","type":"page","link":"https:\/\/pousastone.es\/index.php\/contacto\/","title":{"rendered":"Contacto"},"content":{"rendered":"\n<h1 style=\"text-align:center; font-size:35px;font-weight:bold;margin-bottom:30px\">Contacto<\/h1>\n\n\n\n<div class=\"wp-block-columns are-vertically-aligned-center is-layout-flex wp-container-core-columns-is-layout-28f84493 wp-block-columns-is-layout-flex\">\n<div class=\"wp-block-column is-vertically-aligned-center is-layout-flow wp-block-column-is-layout-flow\">\n\n<p class=\"has-text-align-center\" style=\"font-size:20px\"><strong>Tel\u00e9fono:<\/strong><br>Fijo: 986 18 46 07 | Dami\u00e1n: 627582659 | \u00d3scar: 699862505<\/br><\/p>\n\n\n\n<p class=\"has-text-align-center\">   <a style=\"font-size:20px; text-decoration:none; color:inherit;\" href=\"mailto:info@pousastone.es\">     <strong>Email:<\/strong> info@pousastone.es   <\/a> <\/p>\n\n\n\n<p class=\"has-text-align-center\" style=\"font-size:20px\"> <strong>Horario:<\/strong> lunes a viernes de 7:00 a 15:00<\/p>\n\n\n\n<p><\/p>\n<\/div>\n\n\n\n<div class=\"wp-block-column is-vertically-aligned-center is-layout-flow wp-block-column-is-layout-flow\">\n<figure class=\"wp-block-image size-full is-resized\" style=\"border-radius:10px\"><img loading=\"lazy\" decoding=\"async\" width=\"1280\" height=\"853\" src=\"https:\/\/pousastone.es\/wp-content\/uploads\/2023\/12\/contacto-fondo.jpg\" alt=\"\" class=\"wp-image-778\" style=\"max-width:434px;height:auto\" srcset=\"https:\/\/pousastone.es\/wp-content\/uploads\/2023\/12\/contacto-fondo.jpg 1280w, https:\/\/pousastone.es\/wp-content\/uploads\/2023\/12\/contacto-fondo-300x200.jpg 300w, https:\/\/pousastone.es\/wp-content\/uploads\/2023\/12\/contacto-fondo-1024x682.jpg 1024w, https:\/\/pousastone.es\/wp-content\/uploads\/2023\/12\/contacto-fondo-768x512.jpg 768w\" sizes=\"auto, (max-width: 1280px) 100vw, 1280px\" \/><\/figure>\n<\/div>\n<\/div>\n\n\n\n<div class=\"wp-block-group is-layout-constrained wp-block-group-is-layout-constrained\">\t\t<div\n            id=\"wpmapblock_7c0ab528\"\n            data-settings='{&quot;map_marker&quot;:[{&quot;lat&quot;:&quot;41.9784641&quot;,&quot;lng&quot;:&quot;-8.7318518&quot;,&quot;title&quot;:&quot;L\\u00e1pidas Tomi\\u00f1o&quot;,&quot;content&quot;:&quot;L\\u00e1pidas Tomi\\u00f1o&quot;,&quot;iconType&quot;:&quot;default&quot;,&quot;customIconUrl&quot;:&quot;&quot;,&quot;customIconWidth&quot;:&quot;25&quot;,&quot;customIconHeight&quot;:&quot;40&quot;}],&quot;map_zoom&quot;:10,&quot;scroll_wheel_zoom&quot;:false,&quot;map_type&quot;:&quot;GM&quot;,&quot;center_index&quot;:0}'\n            class=\"wpmapblockrender\"\n            style=\"\n\t\t\twidth: 100%;\n\t\t\theight: 393px;\n\t\t\"\n            >\n        <\/div>\n        <\/div>\n\n\n\n<hr class=\"wp-block-separator has-text-color has-zeever-secondary-color has-alpha-channel-opacity has-zeever-secondary-background-color has-background is-style-default\"\/>\n\n\n\n<h3 style=\"text-align:center; text-transform:uppercase;margin:20px;margin-top:30px\"><strong>Formulario de Contacto<\/strong><\/h3>\n\n\n\n<div class=\"wp-block-group is-layout-constrained wp-block-group-is-layout-constrained\"><style id=\"wpforms-css-vars-658-block-b6d01537-a2bf-49d5-b8b9-bd300c1b6607\">\n\t\t\t\t#wpforms-658.wpforms-block-b6d01537-a2bf-49d5-b8b9-bd300c1b6607 {\n\t\t\t\t--wpforms-field-background-color: #bbb0b0;\n--wpforms-field-border-color: #5b1c1c;\n--wpforms-field-border-color-spare: #5b1c1c;\n--wpforms-label-color: #da6d6d;\n--wpforms-label-sublabel-color: #f1baba;\n--wpforms-button-background-color: #094d74;\n\t\t\t}\n\t\t\t<\/style><div class=\"wpforms-container wpforms-container-full wpforms-block wpforms-block-b6d01537-a2bf-49d5-b8b9-bd300c1b6607 wpforms-render-modern\" id=\"wpforms-658\"><form id=\"wpforms-form-658\" class=\"wpforms-validate wpforms-form wpforms-ajax-form\" data-formid=\"658\" method=\"post\" enctype=\"multipart\/form-data\" action=\"\/index.php\/wp-json\/wp\/v2\/pages\/9\" data-token=\"c6663571fb7b057bf0dd4cb50643426d\" data-token-time=\"1775808958\"><noscript class=\"wpforms-error-noscript\">Por favor, activa JavaScript en tu navegador para completar este formulario.<\/noscript><div id=\"wpforms-error-noscript\" style=\"display: none;\">Por favor, activa JavaScript en tu navegador para completar este formulario.<\/div><div class=\"wpforms-field-container\"><div id=\"wpforms-658-field_0-container\" class=\"wpforms-field wpforms-field-name\" data-field-id=\"0\"><fieldset><legend class=\"wpforms-field-label\">Nombre y apellidos <span class=\"wpforms-required-label\" aria-hidden=\"true\">*<\/span><\/legend><div class=\"wpforms-field-row wpforms-field-medium\"><div class=\"wpforms-field-row-block wpforms-first wpforms-one-half\"><input type=\"text\" id=\"wpforms-658-field_0\" class=\"wpforms-field-name-first wpforms-field-required\" name=\"wpforms[fields][0][first]\" aria-errormessage=\"wpforms-658-field_0-error\" required><label for=\"wpforms-658-field_0\" class=\"wpforms-field-sublabel after\">Nombre<\/label><\/div><div class=\"wpforms-field-row-block wpforms-one-half\"><input type=\"text\" id=\"wpforms-658-field_0-last\" class=\"wpforms-field-name-last wpforms-field-required\" name=\"wpforms[fields][0][last]\" aria-errormessage=\"wpforms-658-field_0-last-error\" required><label for=\"wpforms-658-field_0-last\" class=\"wpforms-field-sublabel after\">Apellidos<\/label><\/div><\/div><\/fieldset><\/div><div id=\"wpforms-658-field_1-container\" class=\"wpforms-field wpforms-field-email\" data-field-id=\"1\"><label class=\"wpforms-field-label\" for=\"wpforms-658-field_1\">Correo electr\u00f3nico <span class=\"wpforms-required-label\" aria-hidden=\"true\">*<\/span><\/label><input type=\"email\" id=\"wpforms-658-field_1\" class=\"wpforms-field-medium wpforms-field-required\" name=\"wpforms[fields][1]\" spellcheck=\"false\" aria-errormessage=\"wpforms-658-field_1-error\" required><\/div><div id=\"wpforms-658-field_2-container\" class=\"wpforms-field wpforms-field-textarea\" data-field-id=\"2\"><label class=\"wpforms-field-label\" for=\"wpforms-658-field_2\">Comentario o mensaje <span class=\"wpforms-required-label\" aria-hidden=\"true\">*<\/span><\/label><textarea id=\"wpforms-658-field_2\" class=\"wpforms-field-medium wpforms-field-required\" name=\"wpforms[fields][2]\" aria-errormessage=\"wpforms-658-field_2-error\" required><\/textarea><\/div><div id=\"wpforms-658-field_3-container\" class=\"wpforms-field wpforms-field-checkbox\" data-field-id=\"3\"><fieldset><legend class=\"wpforms-field-label wpforms-label-hide\" aria-hidden=\"false\">Casillas de verificaci\u00f3n <span class=\"wpforms-required-label\" aria-hidden=\"true\">*<\/span><\/legend><ul id=\"wpforms-658-field_3\" class=\"wpforms-field-required\"><li class=\"choice-1 depth-1\"><input type=\"checkbox\" id=\"wpforms-658-field_3_1\" name=\"wpforms[fields][3][]\" value=\"He le\u00eddo y acepto la &lt;a&gt;Pol\u00edtica de Privacidad&lt;\/a&gt;\" aria-errormessage=\"wpforms-658-field_3_1-error\" required ><label class=\"wpforms-field-label-inline\" for=\"wpforms-658-field_3_1\">He le\u00eddo y acepto la <a>Pol\u00edtica de Privacidad<\/a><\/label><\/li><\/ul><\/fieldset><\/div><\/div><!-- .wpforms-field-container --><div class=\"wpforms-submit-container\" ><input type=\"hidden\" name=\"wpforms[id]\" value=\"658\"><input type=\"hidden\" name=\"page_title\" value=\"\"><input type=\"hidden\" name=\"page_url\" value=\"https:\/\/pousastone.es\/index.php\/wp-json\/wp\/v2\/pages\/9\"><input type=\"hidden\" name=\"url_referer\" value=\"\"><button type=\"submit\" name=\"wpforms[submit]\" id=\"wpforms-submit-658\" class=\"wpforms-submit\" data-alt-text=\"Enviando...\" data-submit-text=\"Enviar\" aria-live=\"assertive\" value=\"wpforms-submit\">Enviar<\/button><img loading=\"lazy\" decoding=\"async\" src=\"https:\/\/pousastone.es\/wp-content\/plugins\/wpforms-lite\/assets\/images\/submit-spin.svg\" class=\"wpforms-submit-spinner\" style=\"display: none;\" width=\"26\" height=\"26\" alt=\"Cargando\"><\/div><\/form><\/div>  <!-- .wpforms-container --><\/div>\n\n\n\n<hr class=\"wp-block-separator has-text-color has-zeever-secondary-color has-alpha-channel-opacity has-zeever-secondary-background-color has-background is-style-default\"\/>\n","protected":false},"excerpt":{"rendered":"<p>Contacto Tel\u00e9fono:Fijo: 986 18 46 07 | Dami\u00e1n: 627582659 | \u00d3scar: 699862505 Email: info@pousastone.es Horario: lunes a viernes de 7:00 a 15:00 Formulario de Contacto<\/p>\n","protected":false},"author":1,"featured_media":0,"parent":0,"menu_order":0,"comment_status":"closed","ping_status":"closed","template":"","meta":{"_themeisle_gutenberg_block_has_review":false,"footnotes":""},"class_list":["post-9","page","type-page","status-publish","hentry"],"_links":{"self":[{"href":"https:\/\/pousastone.es\/index.php\/wp-json\/wp\/v2\/pages\/9","targetHints":{"allow":["GET"]}}],"collection":[{"href":"https:\/\/pousastone.es\/index.php\/wp-json\/wp\/v2\/pages"}],"about":[{"href":"https:\/\/pousastone.es\/index.php\/wp-json\/wp\/v2\/types\/page"}],"author":[{"embeddable":true,"href":"https:\/\/pousastone.es\/index.php\/wp-json\/wp\/v2\/users\/1"}],"replies":[{"embeddable":true,"href":"https:\/\/pousastone.es\/index.php\/wp-json\/wp\/v2\/comments?post=9"}],"version-history":[{"count":52,"href":"https:\/\/pousastone.es\/index.php\/wp-json\/wp\/v2\/pages\/9\/revisions"}],"predecessor-version":[{"id":876,"href":"https:\/\/pousastone.es\/index.php\/wp-json\/wp\/v2\/pages\/9\/revisions\/876"}],"wp:attachment":[{"href":"https:\/\/pousastone.es\/index.php\/wp-json\/wp\/v2\/media?parent=9"}],"curies":[{"name":"wp","href":"https:\/\/api.w.org\/{rel}","templated":true}]}}